{"id":11304,"date":"2017-02-09T15:09:49","date_gmt":"2017-02-09T13:09:49","guid":{"rendered":"https:\/\/biobeach.gr\/?page_id=11304\/"},"modified":"2021-12-06T14:14:13","modified_gmt":"2021-12-06T12:14:13","slug":"zimmer-appartements","status":"publish","type":"page","link":"https:\/\/biobeach.gr\/de\/zimmer-appartements\/","title":{"rendered":"Suiten"},"content":{"rendered":"\t\t<div data-elementor-type=\"wp-page\" data-elementor-id=\"11304\" class=\"elementor elementor-11304 elementor-9748\" data-elementor-settings=\"[]\">\n\t\t\t\t\t\t<div class=\"elementor-inner\">\n\t\t\t\t\t\t\t<div class=\"elementor-section-wrap\">\n\t\t\t\t\t\t\t<section class=\"elementor-section elementor-top-section elementor-element elementor-element-63a88a3 elementor-section-boxed elementor-section-height-default elementor-section-height-default\" data-id=\"63a88a3\" data-element_type=\"section\">\n\t\t\t\t\t\t<div class=\"elementor-container elementor-column-gap-default\">\n\t\t\t\t\t\t\t<div class=\"elementor-row\">\n\t\t\t\t\t<div class=\"elementor-column elementor-col-100 elementor-top-column elementor-element elementor-element-fb8d172\" data-id=\"fb8d172\" data-element_type=\"column\">\n\t\t\t<div class=\"elementor-column-wrap elementor-element-populated\">\n\t\t\t\t\t\t\t<div class=\"elementor-widget-wrap\">\n\t\t\t\t\t\t<div class=\"elementor-element elementor-element-14e3251 elementor-cta--layout-image-left elementor-cta--valign-middle elementor-cta--mobile-layout-image-above elementor-cta--skin-classic elementor-animated-content elementor-bg-transform elementor-bg-transform-zoom-in elementor-widget elementor-widget-call-to-action\" data-id=\"14e3251\" data-element_type=\"widget\" data-widget_type=\"call-to-action.default\">\n\t\t\t\t<div class=\"elementor-widget-container\">\n\t\t\t\t\t<a href=\"https:\/\/biobeach.gr\/de\/opalhotel_room\/executive-suite-mit-meerblick-und-whirlpool\/\" class=\"elementor-cta\">\n\t\t\t\t\t<div class=\"elementor-cta__bg-wrapper\">\n\t\t\t\t<div class=\"elementor-cta__bg elementor-bg\" style=\"background-image: url(https:\/\/biobeach.gr\/wp-content\/uploads\/2016\/12\/Executive-with-Jacuzzi-1-768x512.jpg);\"><\/div>\n\t\t\t\t<div class=\"elementor-cta__bg-overlay\"><\/div>\n\t\t\t<\/div>\n\t\t\t\t\t\t\t<div class=\"elementor-cta__content\">\n\t\t\t\t\n\t\t\t\t\t\t\t\t\t<h2 class=\"elementor-cta__title elementor-cta__content-item elementor-content-item\">\n\t\t\t\t\t\tExecutive Suite mit Meerblick und Whirlpool\t\t\t\t\t<\/h2>\n\t\t\t\t\n\t\t\t\t\t\t\t\t\t<div class=\"elementor-cta__description elementor-cta__content-item elementor-content-item\">\n\t\t\t\t\t\t<p>Raumkapazit\u00e4t: 2+1 33 m2 Zimmergr\u00f6\u00dfe<\/p>\n<p>Ideal f\u00fcr Paare und kleine Gruppen von Freunden. G\u00e4ste k\u00f6nnen sich im privaten Whirlpool entspannen und einen atemberaubenden Meerblick erleben.<\/p>\n\t\t\t\t\t<\/div>\n\t\t\t\t\n\t\t\t\t\t\t\t\t\t<div class=\"elementor-cta__button-wrapper elementor-cta__content-item elementor-content-item \">\n\t\t\t\t\t<span class=\"elementor-cta__button elementor-button elementor-size-sm\">\n\t\t\t\t\t\tLesen Sie mehr\t\t\t\t\t<\/span>\n\t\t\t\t\t<\/div>\n\t\t\t\t\t\t\t<\/div>\n\t\t\t\t\t\t<\/a>\n\t\t\t\t<\/div>\n\t\t\t\t<\/div>\n\t\t\t\t<div class=\"elementor-element elementor-element-ff0ce87 elementor-cta--layout-image-right elementor-cta--valign-middle elementor-cta--mobile-layout-image-above elementor-cta--skin-classic elementor-animated-content elementor-bg-transform elementor-bg-transform-zoom-in elementor-widget elementor-widget-call-to-action\" data-id=\"ff0ce87\" data-element_type=\"widget\" data-widget_type=\"call-to-action.default\">\n\t\t\t\t<div class=\"elementor-widget-container\">\n\t\t\t\t\t<a href=\"https:\/\/biobeach.gr\/de\/opalhotel_room\/executive-suite-mit-meerblick\/\" class=\"elementor-cta\">\n\t\t\t\t\t<div class=\"elementor-cta__bg-wrapper\">\n\t\t\t\t<div class=\"elementor-cta__bg elementor-bg\" style=\"background-image: url(https:\/\/biobeach.gr\/wp-content\/uploads\/2016\/12\/Executive-Sea-View-6-768x512.jpg);\"><\/div>\n\t\t\t\t<div class=\"elementor-cta__bg-overlay\"><\/div>\n\t\t\t<\/div>\n\t\t\t\t\t\t\t<div class=\"elementor-cta__content\">\n\t\t\t\t\n\t\t\t\t\t\t\t\t\t<h2 class=\"elementor-cta__title elementor-cta__content-item elementor-content-item\">\n\t\t\t\t\t\tExecutive Suite mit Meerblick\t\t\t\t\t<\/h2>\n\t\t\t\t\n\t\t\t\t\t\t\t\t\t<div class=\"elementor-cta__description elementor-cta__content-item elementor-content-item\">\n\t\t\t\t\t\t<p>Raumkapazit\u00e4t: 2+1 38 m2 Zimmergr\u00f6\u00dfe<\/p>\n<p>Ideal f\u00fcr Paare und kleine Gruppen von Freunden.<\/p>\n\t\t\t\t\t<\/div>\n\t\t\t\t\n\t\t\t\t\t\t\t\t\t<div class=\"elementor-cta__button-wrapper elementor-cta__content-item elementor-content-item \">\n\t\t\t\t\t<span class=\"elementor-cta__button elementor-button elementor-size-sm\">\n\t\t\t\t\t\tLesen Sie mehr\t\t\t\t\t<\/span>\n\t\t\t\t\t<\/div>\n\t\t\t\t\t\t\t<\/div>\n\t\t\t\t\t\t<\/a>\n\t\t\t\t<\/div>\n\t\t\t\t<\/div>\n\t\t\t\t<div class=\"elementor-element elementor-element-9e4de9f elementor-cta--layout-image-left elementor-cta--valign-middle elementor-cta--mobile-layout-image-above elementor-cta--skin-classic elementor-animated-content elementor-bg-transform elementor-bg-transform-zoom-in elementor-widget elementor-widget-call-to-action\" data-id=\"9e4de9f\" data-element_type=\"widget\" data-widget_type=\"call-to-action.default\">\n\t\t\t\t<div class=\"elementor-widget-container\">\n\t\t\t\t\t<a href=\"https:\/\/biobeach.gr\/de\/opalhotel_room\/premium-suite-mit-meerblick\/\" class=\"elementor-cta\">\n\t\t\t\t\t<div class=\"elementor-cta__bg-wrapper\">\n\t\t\t\t<div class=\"elementor-cta__bg elementor-bg\" style=\"background-image: url(https:\/\/biobeach.gr\/wp-content\/uploads\/2016\/12\/Premium-Sea-View-4-768x512.jpg);\"><\/div>\n\t\t\t\t<div class=\"elementor-cta__bg-overlay\"><\/div>\n\t\t\t<\/div>\n\t\t\t\t\t\t\t<div class=\"elementor-cta__content\">\n\t\t\t\t\n\t\t\t\t\t\t\t\t\t<h2 class=\"elementor-cta__title elementor-cta__content-item elementor-content-item\">\n\t\t\t\t\t\tPremium Suite mit Meerblick\t\t\t\t\t<\/h2>\n\t\t\t\t\n\t\t\t\t\t\t\t\t\t<div class=\"elementor-cta__description elementor-cta__content-item elementor-content-item\">\n\t\t\t\t\t\t<p>Raumkapazit\u00e4t: 2 24 m2 Zimmergr\u00f6\u00dfe<\/p>\n<p>Ideal f\u00fcr Paare und kleine Gruppen von Freunden.<\/p>\n\t\t\t\t\t<\/div>\n\t\t\t\t\n\t\t\t\t\t\t\t\t\t<div class=\"elementor-cta__button-wrapper elementor-cta__content-item elementor-content-item \">\n\t\t\t\t\t<span class=\"elementor-cta__button elementor-button elementor-size-sm\">\n\t\t\t\t\t\tLesen Sie mehr\t\t\t\t\t<\/span>\n\t\t\t\t\t<\/div>\n\t\t\t\t\t\t\t<\/div>\n\t\t\t\t\t\t<\/a>\n\t\t\t\t<\/div>\n\t\t\t\t<\/div>\n\t\t\t\t\t\t<\/div>\n\t\t\t\t\t<\/div>\n\t\t<\/div>\n\t\t\t\t\t\t\t\t<\/div>\n\t\t\t\t\t<\/div>\n\t\t<\/section>\n\t\t\t\t\t\t<\/div>\n\t\t\t\t\t\t<\/div>\n\t\t\t\t\t<\/div>\n\t\t","protected":false},"excerpt":{"rendered":"<p>Executive Suite mit Meerblick und Whirlpool Raumkapazit\u00e4t: 2+1 33 m2 Zimmergr\u00f6\u00dfe Ideal f\u00fcr Paare und kleine Gruppen von Freunden. G\u00e4ste k\u00f6nnen sich im privaten Whirlpool entspannen und einen atemberaubenden Meerblick erleben. Lesen Sie mehr Executive Suite mit Meerblick Raumkapazit\u00e4t: 2+1 38 m2 Zimmergr\u00f6\u00dfe Ideal f\u00fcr Paare und kleine Gruppen von Freunden. Lesen Sie mehr Premium [&hellip;]<\/p>\n","protected":false},"author":1,"featured_media":14007,"parent":0,"menu_order":0,"comment_status":"closed","ping_status":"closed","template":"","meta":[],"_links":{"self":[{"href":"https:\/\/biobeach.gr\/de\/wp-json\/wp\/v2\/pages\/11304"}],"collection":[{"href":"https:\/\/biobeach.gr\/de\/wp-json\/wp\/v2\/pages"}],"about":[{"href":"https:\/\/biobeach.gr\/de\/wp-json\/wp\/v2\/types\/page"}],"author":[{"embeddable":true,"href":"https:\/\/biobeach.gr\/de\/wp-json\/wp\/v2\/users\/1"}],"replies":[{"embeddable":true,"href":"https:\/\/biobeach.gr\/de\/wp-json\/wp\/v2\/comments?post=11304"}],"version-history":[{"count":9,"href":"https:\/\/biobeach.gr\/de\/wp-json\/wp\/v2\/pages\/11304\/revisions"}],"predecessor-version":[{"id":13507,"href":"https:\/\/biobeach.gr\/de\/wp-json\/wp\/v2\/pages\/11304\/revisions\/13507"}],"wp:featuredmedia":[{"embeddable":true,"href":"https:\/\/biobeach.gr\/de\/wp-json\/wp\/v2\/media\/14007"}],"wp:attachment":[{"href":"https:\/\/biobeach.gr\/de\/wp-json\/wp\/v2\/media?parent=11304"}],"curies":[{"name":"wp","href":"https:\/\/api.w.org\/{rel}","templated":true}]}}