{"id":11259,"date":"2017-02-09T11:29:24","date_gmt":"2017-02-09T09:29:24","guid":{"rendered":"https:\/\/biobeach.gr\/?page_id=11259\/"},"modified":"2020-08-09T14:52:03","modified_gmt":"2020-08-09T11:52:03","slug":"aktivitaeten","status":"publish","type":"page","link":"https:\/\/biobeach.gr\/de\/aktivitaeten\/","title":{"rendered":"Aktivit\u00e4ten"},"content":{"rendered":"\t\t<div data-elementor-type=\"wp-page\" data-elementor-id=\"11259\" class=\"elementor elementor-11259 elementor-4392\" data-elementor-settings=\"[]\">\n\t\t\t\t\t\t<div class=\"elementor-inner\">\n\t\t\t\t\t\t\t<div class=\"elementor-section-wrap\">\n\t\t\t\t\t\t\t<section class=\"elementor-section elementor-top-section elementor-element elementor-element-29ec402c elementor-section-stretched elementor-section-full_width elementor-reverse-mobile elementor-section-height-default elementor-section-height-default\" data-id=\"29ec402c\" data-element_type=\"section\" id=\"swimming-pools\" data-settings=\"{&quot;stretch_section&quot;:&quot;section-stretched&quot;}\">\n\t\t\t\t\t\t<div class=\"elementor-container elementor-column-gap-wide\">\n\t\t\t\t\t\t\t<div class=\"elementor-row\">\n\t\t\t\t\t<div class=\"elementor-column elementor-col-50 elementor-top-column elementor-element elementor-element-2d900137\" data-id=\"2d900137\" data-element_type=\"column\">\n\t\t\t<div class=\"elementor-column-wrap elementor-element-populated\">\n\t\t\t\t\t\t\t<div class=\"elementor-widget-wrap\">\n\t\t\t\t\t\t<div class=\"elementor-element elementor-element-11d1f86b elementor-widget elementor-widget-text-editor\" data-id=\"11d1f86b\" data-element_type=\"widget\" data-widget_type=\"text-editor.default\">\n\t\t\t\t<div class=\"elementor-widget-container\">\n\t\t\t\t\t\t\t\t<div class=\"elementor-text-editor elementor-clearfix\">\n\t\t\t\t\t<h2>Pools<\/h2>\n<p>Gew\u00e4hren Sie sich und Ihrer Familie Momente der sorglosen Entspannung und des Familienspa\u00dfes im gro\u00dfen Pool (250 m\u00b2). Au\u00dferdem bieten wir einen speziell gestalteten Kinderpool, vollkommen sicher f\u00fcr die Kleinen. Unser Hotel bietet an den Pools kostenlose Sonnenschirme, Liegen sowie Strandt\u00fccher.<\/p>\n<p>Beheizter Pool im April und Oktober<\/p>\n\t\t\t\t\t<\/div>\n\t\t\t\t\t\t<\/div>\n\t\t\t\t<\/div>\n\t\t\t\t<section class=\"elementor-section elementor-inner-section elementor-element elementor-element-a731abb elementor-section-boxed elementor-section-height-default elementor-section-height-default\" data-id=\"a731abb\" data-element_type=\"section\">\n\t\t\t\t\t\t<div class=\"elementor-container elementor-column-gap-default\">\n\t\t\t\t\t\t\t<div class=\"elementor-row\">\n\t\t\t\t\t<div class=\"elementor-column elementor-col-50 elementor-inner-column elementor-element elementor-element-7740973\" data-id=\"7740973\" data-element_type=\"column\">\n\t\t\t<div class=\"elementor-column-wrap elementor-element-populated\">\n\t\t\t\t\t\t\t<div class=\"elementor-widget-wrap\">\n\t\t\t\t\t\t<div class=\"elementor-element elementor-element-89c25ef elementor-widget elementor-widget-text-editor\" data-id=\"89c25ef\" data-element_type=\"widget\" data-widget_type=\"text-editor.default\">\n\t\t\t\t<div class=\"elementor-widget-container\">\n\t\t\t\t\t\t\t\t<div class=\"elementor-text-editor elementor-clearfix\">\n\t\t\t\t\t<h3>Dienstleistungen am Pool<\/h3>\n<ul>\n<li>Warme und kalte Snacks<\/li>\n<li>Getr\u00e4nkeservice<\/li>\n<li>Wlan<\/li>\n<li>Geschulte Rettungsschwimmer<\/li>\n<li>WC \u2013 Umkleider\u00e4ume<\/li>\n<li>Duschen<\/li>\n<li>Erste-Hilfe-Ausr\u00fcstung<\/li>\n<li>Strandt\u00fccher (an der Rezeption)<\/li>\n<\/ul>\n\t\t\t\t\t<\/div>\n\t\t\t\t\t\t<\/div>\n\t\t\t\t<\/div>\n\t\t\t\t\t\t<\/div>\n\t\t\t\t\t<\/div>\n\t\t<\/div>\n\t\t\t\t<div class=\"elementor-column elementor-col-50 elementor-inner-column elementor-element elementor-element-8704aaa\" data-id=\"8704aaa\" data-element_type=\"column\">\n\t\t\t<div class=\"elementor-column-wrap elementor-element-populated\">\n\t\t\t\t\t\t\t<div class=\"elementor-widget-wrap\">\n\t\t\t\t\t\t<div class=\"elementor-element elementor-element-44535a9 elementor-widget elementor-widget-text-editor\" data-id=\"44535a9\" data-element_type=\"widget\" data-widget_type=\"text-editor.default\">\n\t\t\t\t<div class=\"elementor-widget-container\">\n\t\t\t\t\t\t\t\t<div class=\"elementor-text-editor elementor-clearfix\">\n\t\t\t\t\t<h3>Poolsicherheit<\/h3>\n<p>Das Hotelmanagement nimmt die Sicherheit der Gesundheit unserer G\u00e4ste sehr wichtig. Wir halten uns an die strengsten Hygienestandards der Europ\u00e4ischen Union, sowie an die nationalen Regelungen und benutzen frisches Wasser aus dem Wasserversorgungsnetz, das kontinuierlich durch ein modernes System gefiltert wird. Die Reinigung des Pools wird mit zertifizierten Chemikalien durchgef\u00fchrt. In Zusammenarbeit mit spezialisierten Beratern werden monatlich Proben zur chemischen und mikrobiologischen Untersuchung entnommen, die den Betrieb genehmigen. F\u00fcr gr\u00f6\u00dfere Sicherheit ist das Barpersonal in Rettungstechniken speziell geschult.<\/p>\n\t\t\t\t\t<\/div>\n\t\t\t\t\t\t<\/div>\n\t\t\t\t<\/div>\n\t\t\t\t\t\t<\/div>\n\t\t\t\t\t<\/div>\n\t\t<\/div>\n\t\t\t\t\t\t\t\t<\/div>\n\t\t\t\t\t<\/div>\n\t\t<\/section>\n\t\t\t\t\t\t<\/div>\n\t\t\t\t\t<\/div>\n\t\t<\/div>\n\t\t\t\t<div class=\"elementor-column elementor-col-50 elementor-top-column elementor-element elementor-element-594adfcf\" data-id=\"594adfcf\" data-element_type=\"column\" data-settings=\"{&quot;background_background&quot;:&quot;classic&quot;}\">\n\t\t\t<div class=\"elementor-column-wrap elementor-element-populated\">\n\t\t\t\t\t\t\t<div class=\"elementor-widget-wrap\">\n\t\t\t\t\t\t<div class=\"elementor-element elementor-element-3430d0db elementor-widget elementor-widget-spacer\" data-id=\"3430d0db\" data-element_type=\"widget\" data-widget_type=\"spacer.default\">\n\t\t\t\t<div class=\"elementor-widget-container\">\n\t\t\t\t\t<div class=\"elementor-spacer\">\n\t\t\t<div class=\"elementor-spacer-inner\"><\/div>\n\t\t<\/div>\n\t\t\t\t<\/div>\n\t\t\t\t<\/div>\n\t\t\t\t\t\t<\/div>\n\t\t\t\t\t<\/div>\n\t\t<\/div>\n\t\t\t\t\t\t\t\t<\/div>\n\t\t\t\t\t<\/div>\n\t\t<\/section>\n\t\t\t\t<section class=\"elementor-section elementor-top-section elementor-element elementor-element-3b765677 elementor-section-stretched elementor-section-full_width elementor-section-height-default elementor-section-height-default\" data-id=\"3b765677\" data-element_type=\"section\" id=\"gym\" data-settings=\"{&quot;stretch_section&quot;:&quot;section-stretched&quot;}\">\n\t\t\t\t\t\t<div class=\"elementor-container elementor-column-gap-wide\">\n\t\t\t\t\t\t\t<div class=\"elementor-row\">\n\t\t\t\t\t<div class=\"elementor-column elementor-col-50 elementor-top-column elementor-element elementor-element-4a5aacbb\" data-id=\"4a5aacbb\" data-element_type=\"column\" data-settings=\"{&quot;background_background&quot;:&quot;classic&quot;}\">\n\t\t\t<div class=\"elementor-column-wrap elementor-element-populated\">\n\t\t\t\t\t\t\t<div class=\"elementor-widget-wrap\">\n\t\t\t\t\t\t<div class=\"elementor-element elementor-element-1d6feb91 elementor-widget elementor-widget-spacer\" data-id=\"1d6feb91\" data-element_type=\"widget\" data-widget_type=\"spacer.default\">\n\t\t\t\t<div class=\"elementor-widget-container\">\n\t\t\t\t\t<div class=\"elementor-spacer\">\n\t\t\t<div class=\"elementor-spacer-inner\"><\/div>\n\t\t<\/div>\n\t\t\t\t<\/div>\n\t\t\t\t<\/div>\n\t\t\t\t\t\t<\/div>\n\t\t\t\t\t<\/div>\n\t\t<\/div>\n\t\t\t\t<div class=\"elementor-column elementor-col-50 elementor-top-column elementor-element elementor-element-366cd2b8\" data-id=\"366cd2b8\" data-element_type=\"column\">\n\t\t\t<div class=\"elementor-column-wrap elementor-element-populated\">\n\t\t\t\t\t\t\t<div class=\"elementor-widget-wrap\">\n\t\t\t\t\t\t<div class=\"elementor-element elementor-element-6c984000 elementor-widget elementor-widget-text-editor\" data-id=\"6c984000\" data-element_type=\"widget\" data-widget_type=\"text-editor.default\">\n\t\t\t\t<div class=\"elementor-widget-container\">\n\t\t\t\t\t\t\t\t<div class=\"elementor-text-editor elementor-clearfix\">\n\t\t\t\t\t<h2>Fitnessraum<\/h2>\n<p>Das Bio Suites Hotel ber\u00fccksichtigt Ihren t\u00e4glichen Wunsch auf Fitness und bietet Ausstattung wie Trainingsb\u00e4nke, Laufb\u00e4nder, Rudermaschinen usw. f\u00fcr Ihren Trainingsbedarf.<\/p>\n<p>\u00d6ffnungszeiten:\u00a008.00-23.00<\/p>\n\t\t\t\t\t<\/div>\n\t\t\t\t\t\t<\/div>\n\t\t\t\t<\/div>\n\t\t\t\t\t\t<\/div>\n\t\t\t\t\t<\/div>\n\t\t<\/div>\n\t\t\t\t\t\t\t\t<\/div>\n\t\t\t\t\t<\/div>\n\t\t<\/section>\n\t\t\t\t<section class=\"elementor-section elementor-top-section elementor-element elementor-element-6c19aaa elementor-section-stretched elementor-section-full_width elementor-reverse-mobile elementor-section-height-default elementor-section-height-default\" data-id=\"6c19aaa\" data-element_type=\"section\" id=\"spa\" data-settings=\"{&quot;stretch_section&quot;:&quot;section-stretched&quot;}\">\n\t\t\t\t\t\t<div class=\"elementor-container elementor-column-gap-wide\">\n\t\t\t\t\t\t\t<div class=\"elementor-row\">\n\t\t\t\t\t<div class=\"elementor-column elementor-col-50 elementor-top-column elementor-element elementor-element-b707a11\" data-id=\"b707a11\" data-element_type=\"column\">\n\t\t\t<div class=\"elementor-column-wrap elementor-element-populated\">\n\t\t\t\t\t\t\t<div class=\"elementor-widget-wrap\">\n\t\t\t\t\t\t<div class=\"elementor-element elementor-element-536b331 elementor-widget elementor-widget-text-editor\" data-id=\"536b331\" data-element_type=\"widget\" data-widget_type=\"text-editor.default\">\n\t\t\t\t<div class=\"elementor-widget-container\">\n\t\t\t\t\t\t\t\t<div class=\"elementor-text-editor elementor-clearfix\">\n\t\t\t\t\t<h2>Spa<\/h2>\n<p>\u00dcberlassen Sie uns diese einzigartige Erfahrung mit Jahrhunderte alten Weisheiten.<\/p>\n<p>Unsere G\u00e4ste haben Gelegenheit, einen Termin mit einem professionellen Masseur zu buchen, der Ihnen ein unvergessliches und erholsames Erlebnis f\u00fcr K\u00f6rper und Seele bietet. Sie k\u00f6nnen auch verschiedene Behandlungen wie z.B. Aromatherapie w\u00e4hlen. (Nach Vereinbarung)<\/p>\n<p>Mehr Informationen:\u00a0<a href=\"http:\/\/www.aegeospas.gr\/packages\/wet\/index_de.html\" target=\"_blank\" rel=\"noopener noreferrer\">aegeo spas<\/a><\/p>\n\t\t\t\t\t<\/div>\n\t\t\t\t\t\t<\/div>\n\t\t\t\t<\/div>\n\t\t\t\t\t\t<\/div>\n\t\t\t\t\t<\/div>\n\t\t<\/div>\n\t\t\t\t<div class=\"elementor-column elementor-col-50 elementor-top-column elementor-element elementor-element-b854326\" data-id=\"b854326\" data-element_type=\"column\" data-settings=\"{&quot;background_background&quot;:&quot;classic&quot;}\">\n\t\t\t<div class=\"elementor-column-wrap elementor-element-populated\">\n\t\t\t\t\t\t\t<div class=\"elementor-widget-wrap\">\n\t\t\t\t\t\t<div class=\"elementor-element elementor-element-a82d7d7 elementor-widget elementor-widget-spacer\" data-id=\"a82d7d7\" data-element_type=\"widget\" data-widget_type=\"spacer.default\">\n\t\t\t\t<div class=\"elementor-widget-container\">\n\t\t\t\t\t<div class=\"elementor-spacer\">\n\t\t\t<div class=\"elementor-spacer-inner\"><\/div>\n\t\t<\/div>\n\t\t\t\t<\/div>\n\t\t\t\t<\/div>\n\t\t\t\t\t\t<\/div>\n\t\t\t\t\t<\/div>\n\t\t<\/div>\n\t\t\t\t\t\t\t\t<\/div>\n\t\t\t\t\t<\/div>\n\t\t<\/section>\n\t\t\t\t<section class=\"elementor-section elementor-top-section elementor-element elementor-element-c228b3f elementor-section-stretched elementor-section-full_width elementor-section-height-default elementor-section-height-default\" data-id=\"c228b3f\" data-element_type=\"section\" id=\"beach\" data-settings=\"{&quot;stretch_section&quot;:&quot;section-stretched&quot;}\">\n\t\t\t\t\t\t<div class=\"elementor-container elementor-column-gap-wide\">\n\t\t\t\t\t\t\t<div class=\"elementor-row\">\n\t\t\t\t\t<div class=\"elementor-column elementor-col-50 elementor-top-column elementor-element elementor-element-19d9542\" data-id=\"19d9542\" data-element_type=\"column\" data-settings=\"{&quot;background_background&quot;:&quot;classic&quot;}\">\n\t\t\t<div class=\"elementor-column-wrap elementor-element-populated\">\n\t\t\t\t\t\t\t<div class=\"elementor-widget-wrap\">\n\t\t\t\t\t\t<div class=\"elementor-element elementor-element-dd5e6a0 elementor-widget elementor-widget-spacer\" data-id=\"dd5e6a0\" data-element_type=\"widget\" data-widget_type=\"spacer.default\">\n\t\t\t\t<div class=\"elementor-widget-container\">\n\t\t\t\t\t<div class=\"elementor-spacer\">\n\t\t\t<div class=\"elementor-spacer-inner\"><\/div>\n\t\t<\/div>\n\t\t\t\t<\/div>\n\t\t\t\t<\/div>\n\t\t\t\t\t\t<\/div>\n\t\t\t\t\t<\/div>\n\t\t<\/div>\n\t\t\t\t<div class=\"elementor-column elementor-col-50 elementor-top-column elementor-element elementor-element-2fdb8bd\" data-id=\"2fdb8bd\" data-element_type=\"column\">\n\t\t\t<div class=\"elementor-column-wrap elementor-element-populated\">\n\t\t\t\t\t\t\t<div class=\"elementor-widget-wrap\">\n\t\t\t\t\t\t<div class=\"elementor-element elementor-element-8f9b3af elementor-widget elementor-widget-text-editor\" data-id=\"8f9b3af\" data-element_type=\"widget\" data-widget_type=\"text-editor.default\">\n\t\t\t\t<div class=\"elementor-widget-container\">\n\t\t\t\t\t\t\t\t<div class=\"elementor-text-editor elementor-clearfix\">\n\t\t\t\t\t<h2>Strand<\/h2>\n<p>Der Teil des Strandes, der vom Hotel verwaltet wird, befindet sich am Hauptstrand von Rethymno, nur 200 m entfernt. Dort gibt es Sonnenliegen, Umkleiden, Duschen und es sind kalte Getr\u00e4nke erh\u00e4ltlich.<\/p>\n<p>Genie\u00dfen Sie die Sonne und das Salzwasser am Sandstrand von Rethymno!<\/p>\n<p class=\"text-small\"><strong>Anmerkung<\/strong>: Fragen Sie an der Rezeption nach Ihrem Rabattgutschein, der f\u00fcr Liegest\u00fchle und Sonnenschirme am Strand g\u00fcltig ist.<\/p>\n\t\t\t\t\t<\/div>\n\t\t\t\t\t\t<\/div>\n\t\t\t\t<\/div>\n\t\t\t\t\t\t<\/div>\n\t\t\t\t\t<\/div>\n\t\t<\/div>\n\t\t\t\t\t\t\t\t<\/div>\n\t\t\t\t\t<\/div>\n\t\t<\/section>\n\t\t\t\t<section class=\"elementor-section elementor-top-section elementor-element elementor-element-3fcdeb2 elementor-section-stretched elementor-section-full_width elementor-reverse-mobile elementor-section-height-default elementor-section-height-default\" data-id=\"3fcdeb2\" data-element_type=\"section\" id=\"playground\" data-settings=\"{&quot;stretch_section&quot;:&quot;section-stretched&quot;}\">\n\t\t\t\t\t\t<div class=\"elementor-container elementor-column-gap-wide\">\n\t\t\t\t\t\t\t<div class=\"elementor-row\">\n\t\t\t\t\t<div class=\"elementor-column elementor-col-50 elementor-top-column elementor-element elementor-element-92e1767\" data-id=\"92e1767\" data-element_type=\"column\">\n\t\t\t<div class=\"elementor-column-wrap elementor-element-populated\">\n\t\t\t\t\t\t\t<div class=\"elementor-widget-wrap\">\n\t\t\t\t\t\t<div class=\"elementor-element elementor-element-bff08c2 elementor-widget elementor-widget-text-editor\" data-id=\"bff08c2\" data-element_type=\"widget\" data-widget_type=\"text-editor.default\">\n\t\t\t\t<div class=\"elementor-widget-container\">\n\t\t\t\t\t\t\t\t<div class=\"elementor-text-editor elementor-clearfix\">\n\t\t\t\t\t<h2>Spielplatz<\/h2>\n<p>Im Bio Suites Hotel gibt es einen sicheren Platz f\u00fcr Kinder zu ihrer eigenen Unterhaltung. Zahlreiche Spiele und Aktivit\u00e4ten f\u00fcr Kinder zwischen 2-12 Jahren werden angeboten. Er ist vom fr\u00fchen Morgen (08.00) bis zum sp\u00e4ten Abend (20.00) ge\u00f6ffnet.<\/p>\n\t\t\t\t\t<\/div>\n\t\t\t\t\t\t<\/div>\n\t\t\t\t<\/div>\n\t\t\t\t\t\t<\/div>\n\t\t\t\t\t<\/div>\n\t\t<\/div>\n\t\t\t\t<div class=\"elementor-column elementor-col-50 elementor-top-column elementor-element elementor-element-24e2921\" data-id=\"24e2921\" data-element_type=\"column\" data-settings=\"{&quot;background_background&quot;:&quot;classic&quot;}\">\n\t\t\t<div class=\"elementor-column-wrap elementor-element-populated\">\n\t\t\t\t\t\t\t<div class=\"elementor-widget-wrap\">\n\t\t\t\t\t\t<div class=\"elementor-element elementor-element-3ccbd54 elementor-widget elementor-widget-spacer\" data-id=\"3ccbd54\" data-element_type=\"widget\" data-widget_type=\"spacer.default\">\n\t\t\t\t<div class=\"elementor-widget-container\">\n\t\t\t\t\t<div class=\"elementor-spacer\">\n\t\t\t<div class=\"elementor-spacer-inner\"><\/div>\n\t\t<\/div>\n\t\t\t\t<\/div>\n\t\t\t\t<\/div>\n\t\t\t\t\t\t<\/div>\n\t\t\t\t\t<\/div>\n\t\t<\/div>\n\t\t\t\t\t\t\t\t<\/div>\n\t\t\t\t\t<\/div>\n\t\t<\/section>\n\t\t\t\t<section class=\"elementor-section elementor-top-section elementor-element elementor-element-9cd92a1 elementor-section-stretched elementor-section-full_width elementor-section-height-default elementor-section-height-default\" data-id=\"9cd92a1\" data-element_type=\"section\" id=\"events\" data-settings=\"{&quot;stretch_section&quot;:&quot;section-stretched&quot;}\">\n\t\t\t\t\t\t<div class=\"elementor-container elementor-column-gap-wide\">\n\t\t\t\t\t\t\t<div class=\"elementor-row\">\n\t\t\t\t\t<div class=\"elementor-column elementor-col-50 elementor-top-column elementor-element elementor-element-01ccf96\" data-id=\"01ccf96\" data-element_type=\"column\" data-settings=\"{&quot;background_background&quot;:&quot;classic&quot;}\">\n\t\t\t<div class=\"elementor-column-wrap elementor-element-populated\">\n\t\t\t\t\t\t\t<div class=\"elementor-widget-wrap\">\n\t\t\t\t\t\t<div class=\"elementor-element elementor-element-e6bfccf elementor-widget elementor-widget-spacer\" data-id=\"e6bfccf\" data-element_type=\"widget\" data-widget_type=\"spacer.default\">\n\t\t\t\t<div class=\"elementor-widget-container\">\n\t\t\t\t\t<div class=\"elementor-spacer\">\n\t\t\t<div class=\"elementor-spacer-inner\"><\/div>\n\t\t<\/div>\n\t\t\t\t<\/div>\n\t\t\t\t<\/div>\n\t\t\t\t\t\t<\/div>\n\t\t\t\t\t<\/div>\n\t\t<\/div>\n\t\t\t\t<div class=\"elementor-column elementor-col-50 elementor-top-column elementor-element elementor-element-8fb85ad\" data-id=\"8fb85ad\" data-element_type=\"column\">\n\t\t\t<div class=\"elementor-column-wrap elementor-element-populated\">\n\t\t\t\t\t\t\t<div class=\"elementor-widget-wrap\">\n\t\t\t\t\t\t<div class=\"elementor-element elementor-element-b8da85a elementor-widget elementor-widget-text-editor\" data-id=\"b8da85a\" data-element_type=\"widget\" data-widget_type=\"text-editor.default\">\n\t\t\t\t<div class=\"elementor-widget-container\">\n\t\t\t\t\t\t\t\t<div class=\"elementor-text-editor elementor-clearfix\">\n\t\t\t\t\t<h2>Veranstaltungen<\/h2>\n<p>Viele Veranstaltungen f\u00fcr Erwachsene und Kinder finden w\u00e4hrend der Woche im Hotel statt: Magie-Shows, griechische Abende, internationale Shows u.s.w. Die Teilnahme ist kostenlos.<\/p>\n<p>G\u00e4ste nur mit Fr\u00fchst\u00fcck sollen f\u00fcr das Abendb\u00fcffet am griechischen Abend, jeden Montag, bezahlen.<\/p>\n<p>Das Animationsprogramm kann sich im April und im Oktober \u00e4ndern.<\/p>\n\t\t\t\t\t<\/div>\n\t\t\t\t\t\t<\/div>\n\t\t\t\t<\/div>\n\t\t\t\t\t\t<\/div>\n\t\t\t\t\t<\/div>\n\t\t<\/div>\n\t\t\t\t\t\t\t\t<\/div>\n\t\t\t\t\t<\/div>\n\t\t<\/section>\n\t\t\t\t\t\t<\/div>\n\t\t\t\t\t\t<\/div>\n\t\t\t\t\t<\/div>\n\t\t","protected":false},"excerpt":{"rendered":"<p>Pools Gew\u00e4hren Sie sich und Ihrer Familie Momente der sorglosen Entspannung und des Familienspa\u00dfes im gro\u00dfen Pool (250 m\u00b2). Au\u00dferdem bieten wir einen speziell gestalteten Kinderpool, vollkommen sicher f\u00fcr die Kleinen. Unser Hotel bietet an den Pools kostenlose Sonnenschirme, Liegen sowie Strandt\u00fccher. Beheizter Pool im April und Oktober Dienstleistungen am Pool Warme und kalte Snacks [&hellip;]<\/p>\n","protected":false},"author":1,"featured_media":11671,"parent":0,"menu_order":0,"comment_status":"closed","ping_status":"closed","template":"","meta":[],"_links":{"self":[{"href":"https:\/\/biobeach.gr\/de\/wp-json\/wp\/v2\/pages\/11259"}],"collection":[{"href":"https:\/\/biobeach.gr\/de\/wp-json\/wp\/v2\/pages"}],"about":[{"href":"https:\/\/biobeach.gr\/de\/wp-json\/wp\/v2\/types\/page"}],"author":[{"embeddable":true,"href":"https:\/\/biobeach.gr\/de\/wp-json\/wp\/v2\/users\/1"}],"replies":[{"embeddable":true,"href":"https:\/\/biobeach.gr\/de\/wp-json\/wp\/v2\/comments?post=11259"}],"version-history":[{"count":17,"href":"https:\/\/biobeach.gr\/de\/wp-json\/wp\/v2\/pages\/11259\/revisions"}],"predecessor-version":[{"id":12521,"href":"https:\/\/biobeach.gr\/de\/wp-json\/wp\/v2\/pages\/11259\/revisions\/12521"}],"wp:featuredmedia":[{"embeddable":true,"href":"https:\/\/biobeach.gr\/de\/wp-json\/wp\/v2\/media\/11671"}],"wp:attachment":[{"href":"https:\/\/biobeach.gr\/de\/wp-json\/wp\/v2\/media?parent=11259"}],"curies":[{"name":"wp","href":"https:\/\/api.w.org\/{rel}","templated":true}]}}