{"id":11242,"date":"2017-02-08T14:29:53","date_gmt":"2017-02-08T12:29:53","guid":{"rendered":"https:\/\/biobeach.gr\/?page_id=11242\/"},"modified":"2020-11-03T08:51:42","modified_gmt":"2020-11-03T06:51:42","slug":"gastronomie","status":"publish","type":"page","link":"https:\/\/biobeach.gr\/de\/gastronomie\/","title":{"rendered":"Gastronomie"},"content":{"rendered":"\t\t<div data-elementor-type=\"wp-page\" data-elementor-id=\"11242\" class=\"elementor elementor-11242 elementor-9368\" data-elementor-settings=\"[]\">\n\t\t\t\t\t\t<div class=\"elementor-inner\">\n\t\t\t\t\t\t\t<div class=\"elementor-section-wrap\">\n\t\t\t\t\t\t\t<section class=\"elementor-section elementor-top-section elementor-element elementor-element-4f1d78c8 elementor-section-stretched elementor-section-full_width elementor-reverse-mobile elementor-section-height-default elementor-section-height-default\" data-id=\"4f1d78c8\" data-element_type=\"section\" id=\"breakfast\" data-settings=\"{&quot;stretch_section&quot;:&quot;section-stretched&quot;}\">\n\t\t\t\t\t\t<div class=\"elementor-container elementor-column-gap-wide\">\n\t\t\t\t\t\t\t<div class=\"elementor-row\">\n\t\t\t\t\t<div class=\"elementor-column elementor-col-50 elementor-top-column elementor-element elementor-element-15b0f4dd\" data-id=\"15b0f4dd\" data-element_type=\"column\">\n\t\t\t<div class=\"elementor-column-wrap elementor-element-populated\">\n\t\t\t\t\t\t\t<div class=\"elementor-widget-wrap\">\n\t\t\t\t\t\t<div class=\"elementor-element elementor-element-45641bd9 elementor-widget elementor-widget-text-editor\" data-id=\"45641bd9\" data-element_type=\"widget\" data-widget_type=\"text-editor.default\">\n\t\t\t\t<div class=\"elementor-widget-container\">\n\t\t\t\t\t\t\t\t<div class=\"elementor-text-editor elementor-clearfix\">\n\t\t\t\t\t<h2>Ariadne Restaurant Fr\u00fchst\u00fcck<\/h2>\n<p>Genie\u00dfen Sie die wichtigste Mahlzeit des Tages, jeden Tag mit besonderer Sorgfalt. Das Fr\u00fchst\u00fcck schlie\u00dft ein: ausgew\u00e4hlte Produckte und Gerichte aus Kreta und das restliche Griechenland. Unser Ziel ist es, unseren Besuchern den Geschmack der lokalischen Gastronomie und zu bieten, und den G\u00e4sten die leckeren Zutaten vertraut zu machen, so dass sie eine eine freundschaftliche Beziehung mit unserem Land haben.<\/p>\n<ul>\n<li>Internationales Buffet<\/li>\n<li>Griechisches Fr\u00fchst\u00fcck<\/li>\n<li>Fr\u00fches Fr\u00fchst\u00fcck (auf Verlangen)<\/li>\n<li>Fr\u00fchst\u00fcck \u2013 Korb (auf Verlangen)<\/li>\n<li>Spezielle Men\u00fcs (vegetarisch, glutenfrei, laktosefrei) auf Verlangen<br \/>\n\u00d6ffnungszeiten Montag bis Freitag 07.00-10.00, Samstag und Sonntag 07.00-10.30<\/li>\n<li>Verleihung der Zertifizierung \u201cGriechisches Fr\u00fchst\u00fcck\u201d<\/li>\n<\/ul>\n<p><img loading=\"lazy\" class=\"alignnone size-full wp-image-10501\" src=\"https:\/\/biobeach.gr\/wp-content\/uploads\/2016\/12\/greekbreakfast.png\" alt=\"\" width=\"170\" height=\"120\" \/> <img loading=\"lazy\" class=\"alignleft size-full wp-image-10499\" src=\"https:\/\/biobeach.gr\/wp-content\/uploads\/2016\/12\/qfood.png\" alt=\"\" width=\"170\" height=\"120\" \/><\/p>\n\t\t\t\t\t<\/div>\n\t\t\t\t\t\t<\/div>\n\t\t\t\t<\/div>\n\t\t\t\t\t\t<\/div>\n\t\t\t\t\t<\/div>\n\t\t<\/div>\n\t\t\t\t<div class=\"elementor-column elementor-col-50 elementor-top-column elementor-element elementor-element-3571b51b\" data-id=\"3571b51b\" data-element_type=\"column\" data-settings=\"{&quot;background_background&quot;:&quot;classic&quot;}\">\n\t\t\t<div class=\"elementor-column-wrap elementor-element-populated\">\n\t\t\t\t\t\t\t<div class=\"elementor-widget-wrap\">\n\t\t\t\t\t\t<div class=\"elementor-element elementor-element-3e88d702 elementor-widget elementor-widget-spacer\" data-id=\"3e88d702\" data-element_type=\"widget\" data-widget_type=\"spacer.default\">\n\t\t\t\t<div class=\"elementor-widget-container\">\n\t\t\t\t\t<div class=\"elementor-spacer\">\n\t\t\t<div class=\"elementor-spacer-inner\"><\/div>\n\t\t<\/div>\n\t\t\t\t<\/div>\n\t\t\t\t<\/div>\n\t\t\t\t\t\t<\/div>\n\t\t\t\t\t<\/div>\n\t\t<\/div>\n\t\t\t\t\t\t\t\t<\/div>\n\t\t\t\t\t<\/div>\n\t\t<\/section>\n\t\t\t\t<section class=\"elementor-section elementor-top-section elementor-element elementor-element-fe23a0 elementor-section-stretched elementor-section-full_width elementor-section-height-default elementor-section-height-default\" data-id=\"fe23a0\" data-element_type=\"section\" id=\"dinner-ariadne-restaurant\" data-settings=\"{&quot;stretch_section&quot;:&quot;section-stretched&quot;}\">\n\t\t\t\t\t\t<div class=\"elementor-container elementor-column-gap-wide\">\n\t\t\t\t\t\t\t<div class=\"elementor-row\">\n\t\t\t\t\t<div class=\"elementor-column elementor-col-50 elementor-top-column elementor-element elementor-element-23f882c\" data-id=\"23f882c\" data-element_type=\"column\" data-settings=\"{&quot;background_background&quot;:&quot;classic&quot;}\">\n\t\t\t<div class=\"elementor-column-wrap elementor-element-populated\">\n\t\t\t\t\t\t\t<div class=\"elementor-widget-wrap\">\n\t\t\t\t\t\t<div class=\"elementor-element elementor-element-61e33d68 elementor-widget elementor-widget-spacer\" data-id=\"61e33d68\" data-element_type=\"widget\" data-widget_type=\"spacer.default\">\n\t\t\t\t<div class=\"elementor-widget-container\">\n\t\t\t\t\t<div class=\"elementor-spacer\">\n\t\t\t<div class=\"elementor-spacer-inner\"><\/div>\n\t\t<\/div>\n\t\t\t\t<\/div>\n\t\t\t\t<\/div>\n\t\t\t\t\t\t<\/div>\n\t\t\t\t\t<\/div>\n\t\t<\/div>\n\t\t\t\t<div class=\"elementor-column elementor-col-50 elementor-top-column elementor-element elementor-element-87a688e\" data-id=\"87a688e\" data-element_type=\"column\">\n\t\t\t<div class=\"elementor-column-wrap elementor-element-populated\">\n\t\t\t\t\t\t\t<div class=\"elementor-widget-wrap\">\n\t\t\t\t\t\t<div class=\"elementor-element elementor-element-71fa93e6 elementor-widget elementor-widget-text-editor\" data-id=\"71fa93e6\" data-element_type=\"widget\" data-widget_type=\"text-editor.default\">\n\t\t\t\t<div class=\"elementor-widget-container\">\n\t\t\t\t\t\t\t\t<div class=\"elementor-text-editor elementor-clearfix\">\n\t\t\t\t\t<h2>Ariadne Restaurant Abendessen<\/h2>\n<p>Ein reichhaltiges Buffet wird jeden Tag von unserem Chef \u2013 Koch vorbereitet. Unser Chef strebt nach dem besten Qualit\u00e4tsstandard und w\u00e4hlt liebend und sorgf\u00e4ltig die feinsten Rohwaren aus lokalen Herstellern. Unsere Gerichte sind vor allem Kretisch und Griechisch, aber Sie k\u00f6nnen auch Men\u00fcs der Traditionellen Gastronomie w\u00e4hlen. Zum kochen benutzen wir Oliven\u00f6l, das der Grundstein der Mediterranischen Ern\u00e4hrung ist.<\/p>\n<ul>\n<li>Internationales Buffet<\/li>\n<li>Kretisches und Griechisches Buffet<\/li>\n<li>Spezielle Men\u00fcs (vegetarisch, glutenfrei, laktosenfrei,usw.) auf Verlangen<\/li>\n<li>Kalte Platte (f\u00fcr versp\u00e4tete Ank\u00fcnfte)<\/li>\n<li>Kinderb\u00fcffet<\/li>\n<li>Kids Men\u00fcs<\/li>\n<li>Kinderst\u00fchle<\/li>\n<\/ul>\n<p>Die Vorbereitung und die Lagerung von Lebensmitteln ist gem\u00e4\u00df dem ISO 22000 (HACCP)<br \/>\nStandard gemacht.<\/p>\n<p>\u00d6ffnungszeiten: 18.15 -21.15<\/p>\n<p><img loading=\"lazy\" class=\"alignnone size-full wp-image-10499\" src=\"https:\/\/biobeach.gr\/wp-content\/uploads\/2016\/12\/qfood.png\" alt=\"\" width=\"170\" height=\"120\" \/><\/p>\n\t\t\t\t\t<\/div>\n\t\t\t\t\t\t<\/div>\n\t\t\t\t<\/div>\n\t\t\t\t\t\t<\/div>\n\t\t\t\t\t<\/div>\n\t\t<\/div>\n\t\t\t\t\t\t\t\t<\/div>\n\t\t\t\t\t<\/div>\n\t\t<\/section>\n\t\t\t\t<section class=\"elementor-section elementor-top-section elementor-element elementor-element-1294040 elementor-section-stretched elementor-section-full_width elementor-reverse-mobile elementor-section-height-default elementor-section-height-default\" data-id=\"1294040\" data-element_type=\"section\" id=\"bar-nine-muses\" data-settings=\"{&quot;stretch_section&quot;:&quot;section-stretched&quot;}\">\n\t\t\t\t\t\t<div class=\"elementor-container elementor-column-gap-wide\">\n\t\t\t\t\t\t\t<div class=\"elementor-row\">\n\t\t\t\t\t<div class=\"elementor-column elementor-col-50 elementor-top-column elementor-element elementor-element-770ab59\" data-id=\"770ab59\" data-element_type=\"column\">\n\t\t\t<div class=\"elementor-column-wrap elementor-element-populated\">\n\t\t\t\t\t\t\t<div class=\"elementor-widget-wrap\">\n\t\t\t\t\t\t<div class=\"elementor-element elementor-element-ba22d5b elementor-widget elementor-widget-text-editor\" data-id=\"ba22d5b\" data-element_type=\"widget\" data-widget_type=\"text-editor.default\">\n\t\t\t\t<div class=\"elementor-widget-container\">\n\t\t\t\t\t\t\t\t<div class=\"elementor-text-editor elementor-clearfix\">\n\t\t\t\t\t<h2>Nine Muses Bar<\/h2>\n<p>Die Hotelbar bietet alle Sorten von Getr\u00e4nken und Kaffee, warme und kalte Snacks, die Sie entweder neben dem Pool oder im Innenbereich der Bar genie\u00dfen k\u00f6nnen.<\/p>\n<p>\u00d6ffnungszeiten: 09.00 \u2013 00.30<\/p>\n\t\t\t\t\t<\/div>\n\t\t\t\t\t\t<\/div>\n\t\t\t\t<\/div>\n\t\t\t\t\t\t<\/div>\n\t\t\t\t\t<\/div>\n\t\t<\/div>\n\t\t\t\t<div class=\"elementor-column elementor-col-50 elementor-top-column elementor-element elementor-element-4e2f490\" data-id=\"4e2f490\" data-element_type=\"column\" data-settings=\"{&quot;background_background&quot;:&quot;classic&quot;}\">\n\t\t\t<div class=\"elementor-column-wrap elementor-element-populated\">\n\t\t\t\t\t\t\t<div class=\"elementor-widget-wrap\">\n\t\t\t\t\t\t<div class=\"elementor-element elementor-element-00cb3de elementor-widget elementor-widget-spacer\" data-id=\"00cb3de\" data-element_type=\"widget\" data-widget_type=\"spacer.default\">\n\t\t\t\t<div class=\"elementor-widget-container\">\n\t\t\t\t\t<div class=\"elementor-spacer\">\n\t\t\t<div class=\"elementor-spacer-inner\"><\/div>\n\t\t<\/div>\n\t\t\t\t<\/div>\n\t\t\t\t<\/div>\n\t\t\t\t\t\t<\/div>\n\t\t\t\t\t<\/div>\n\t\t<\/div>\n\t\t\t\t\t\t\t\t<\/div>\n\t\t\t\t\t<\/div>\n\t\t<\/section>\n\t\t\t\t<section class=\"elementor-section elementor-top-section elementor-element elementor-element-9909bba elementor-section-stretched elementor-section-full_width elementor-section-height-default elementor-section-height-default\" data-id=\"9909bba\" data-element_type=\"section\" id=\"all-day-snack-lunch\" data-settings=\"{&quot;stretch_section&quot;:&quot;section-stretched&quot;}\">\n\t\t\t\t\t\t<div class=\"elementor-container elementor-column-gap-wide\">\n\t\t\t\t\t\t\t<div class=\"elementor-row\">\n\t\t\t\t\t<div class=\"elementor-column elementor-col-50 elementor-top-column elementor-element elementor-element-579ed87\" data-id=\"579ed87\" data-element_type=\"column\" data-settings=\"{&quot;background_background&quot;:&quot;classic&quot;}\">\n\t\t\t<div class=\"elementor-column-wrap elementor-element-populated\">\n\t\t\t\t\t\t\t<div class=\"elementor-widget-wrap\">\n\t\t\t\t\t\t<div class=\"elementor-element elementor-element-1f64b7a elementor-widget elementor-widget-spacer\" data-id=\"1f64b7a\" data-element_type=\"widget\" data-widget_type=\"spacer.default\">\n\t\t\t\t<div class=\"elementor-widget-container\">\n\t\t\t\t\t<div class=\"elementor-spacer\">\n\t\t\t<div class=\"elementor-spacer-inner\"><\/div>\n\t\t<\/div>\n\t\t\t\t<\/div>\n\t\t\t\t<\/div>\n\t\t\t\t\t\t<\/div>\n\t\t\t\t\t<\/div>\n\t\t<\/div>\n\t\t\t\t<div class=\"elementor-column elementor-col-50 elementor-top-column elementor-element elementor-element-9dda17a\" data-id=\"9dda17a\" data-element_type=\"column\">\n\t\t\t<div class=\"elementor-column-wrap elementor-element-populated\">\n\t\t\t\t\t\t\t<div class=\"elementor-widget-wrap\">\n\t\t\t\t\t\t<div class=\"elementor-element elementor-element-e53150c elementor-widget elementor-widget-text-editor\" data-id=\"e53150c\" data-element_type=\"widget\" data-widget_type=\"text-editor.default\">\n\t\t\t\t<div class=\"elementor-widget-container\">\n\t\t\t\t\t\t\t\t<div class=\"elementor-text-editor elementor-clearfix\">\n\t\t\t\t\t<h2>Snacks und Mittagessen den ganzen Tag in Nine Muses<\/h2>\n<p>In der Poolbar des Hotels k\u00f6nnen die Besucher ihre Mahlzeit genie\u00dfen, sowie unterschiedliche Snacks, Pasta, Salate, Pizza und viele andere Speisen und sie haben die Gelegenheit aus unserer reichhaltigen Speisekarte auszuw\u00e4hlen.<\/p>\n<p>Der Chef \u2013 Koch bietet immer gerne die beste Qualit\u00e4t in Ihren Gerichten.<\/p>\n<p>Spezielle Men\u00fcs (vegetarisch, glutenfrei, laktosefrei) k\u00f6nnen auf Anfrage vorbereitet werden.<\/p>\n<p>\u00d6ffnungszeiten: 12.00 \u2013 19.00<\/p>\n\t\t\t\t\t<\/div>\n\t\t\t\t\t\t<\/div>\n\t\t\t\t<\/div>\n\t\t\t\t\t\t<\/div>\n\t\t\t\t\t<\/div>\n\t\t<\/div>\n\t\t\t\t\t\t\t\t<\/div>\n\t\t\t\t\t<\/div>\n\t\t<\/section>\n\t\t\t\t<section class=\"elementor-section elementor-top-section elementor-element elementor-element-6206009 elementor-section-stretched elementor-section-full_width elementor-reverse-mobile elementor-section-height-default elementor-section-height-default\" data-id=\"6206009\" data-element_type=\"section\" id=\"room-service\" data-settings=\"{&quot;stretch_section&quot;:&quot;section-stretched&quot;}\">\n\t\t\t\t\t\t<div class=\"elementor-container elementor-column-gap-wide\">\n\t\t\t\t\t\t\t<div class=\"elementor-row\">\n\t\t\t\t\t<div class=\"elementor-column elementor-col-50 elementor-top-column elementor-element elementor-element-4f31cf5\" data-id=\"4f31cf5\" data-element_type=\"column\">\n\t\t\t<div class=\"elementor-column-wrap elementor-element-populated\">\n\t\t\t\t\t\t\t<div class=\"elementor-widget-wrap\">\n\t\t\t\t\t\t<div class=\"elementor-element elementor-element-165d727 elementor-widget elementor-widget-text-editor\" data-id=\"165d727\" data-element_type=\"widget\" data-widget_type=\"text-editor.default\">\n\t\t\t\t<div class=\"elementor-widget-container\">\n\t\t\t\t\t\t\t\t<div class=\"elementor-text-editor elementor-clearfix\">\n\t\t\t\t\t<h2>Zimmerservice<\/h2>\n<p>Die Besucher des Bio Suites Hotels haben die Gelegenheit, geschmackvolle Empfehlungen von authentischen Speisen und Getr\u00e4nken im Zimmer Service finden.<\/p>\n<p>Z\u00f6gern Sie nicht, die speziellen F\u00fchst\u00fcck Men\u00fcs zu genie\u00dfen, die vom Chef Koch gew\u00e4hlt sind, um alle ihrer W\u00fcnsche zu erf\u00fcllen.<\/p>\n<p>\u00d6ffnungszeiten: 09.00 \u2013 21.90 f\u00fcr Essen und Trinken, aber der Zimmerservice ist bis zum 24.00 nur f\u00fcr Getr\u00e4nke verf\u00fcgbar.<\/p>\n\t\t\t\t\t<\/div>\n\t\t\t\t\t\t<\/div>\n\t\t\t\t<\/div>\n\t\t\t\t\t\t<\/div>\n\t\t\t\t\t<\/div>\n\t\t<\/div>\n\t\t\t\t<div class=\"elementor-column elementor-col-50 elementor-top-column elementor-element elementor-element-3c839ac\" data-id=\"3c839ac\" data-element_type=\"column\" data-settings=\"{&quot;background_background&quot;:&quot;classic&quot;}\">\n\t\t\t<div class=\"elementor-column-wrap elementor-element-populated\">\n\t\t\t\t\t\t\t<div class=\"elementor-widget-wrap\">\n\t\t\t\t\t\t<div class=\"elementor-element elementor-element-f5f599b elementor-widget elementor-widget-spacer\" data-id=\"f5f599b\" data-element_type=\"widget\" data-widget_type=\"spacer.default\">\n\t\t\t\t<div class=\"elementor-widget-container\">\n\t\t\t\t\t<div class=\"elementor-spacer\">\n\t\t\t<div class=\"elementor-spacer-inner\"><\/div>\n\t\t<\/div>\n\t\t\t\t<\/div>\n\t\t\t\t<\/div>\n\t\t\t\t\t\t<\/div>\n\t\t\t\t\t<\/div>\n\t\t<\/div>\n\t\t\t\t\t\t\t\t<\/div>\n\t\t\t\t\t<\/div>\n\t\t<\/section>\n\t\t\t\t\t\t<\/div>\n\t\t\t\t\t\t<\/div>\n\t\t\t\t\t<\/div>\n\t\t","protected":false},"excerpt":{"rendered":"<p>Ariadne Restaurant Fr\u00fchst\u00fcck Genie\u00dfen Sie die wichtigste Mahlzeit des Tages, jeden Tag mit besonderer Sorgfalt. Das Fr\u00fchst\u00fcck schlie\u00dft ein: ausgew\u00e4hlte Produckte und Gerichte aus Kreta und das restliche Griechenland. Unser Ziel ist es, unseren Besuchern den Geschmack der lokalischen Gastronomie und zu bieten, und den G\u00e4sten die leckeren Zutaten vertraut zu machen, so dass sie [&hellip;]<\/p>\n","protected":false},"author":1,"featured_media":12863,"parent":0,"menu_order":0,"comment_status":"closed","ping_status":"closed","template":"","meta":[],"_links":{"self":[{"href":"https:\/\/biobeach.gr\/de\/wp-json\/wp\/v2\/pages\/11242"}],"collection":[{"href":"https:\/\/biobeach.gr\/de\/wp-json\/wp\/v2\/pages"}],"about":[{"href":"https:\/\/biobeach.gr\/de\/wp-json\/wp\/v2\/types\/page"}],"author":[{"embeddable":true,"href":"https:\/\/biobeach.gr\/de\/wp-json\/wp\/v2\/users\/1"}],"replies":[{"embeddable":true,"href":"https:\/\/biobeach.gr\/de\/wp-json\/wp\/v2\/comments?post=11242"}],"version-history":[{"count":30,"href":"https:\/\/biobeach.gr\/de\/wp-json\/wp\/v2\/pages\/11242\/revisions"}],"predecessor-version":[{"id":12881,"href":"https:\/\/biobeach.gr\/de\/wp-json\/wp\/v2\/pages\/11242\/revisions\/12881"}],"wp:featuredmedia":[{"embeddable":true,"href":"https:\/\/biobeach.gr\/de\/wp-json\/wp\/v2\/media\/12863"}],"wp:attachment":[{"href":"https:\/\/biobeach.gr\/de\/wp-json\/wp\/v2\/media?parent=11242"}],"curies":[{"name":"wp","href":"https:\/\/api.w.org\/{rel}","templated":true}]}}